{"id":3827,"date":"2025-04-14T13:04:03","date_gmt":"2025-04-14T11:04:03","guid":{"rendered":"https:\/\/advokaticb.andrasova.com\/?page_id=3827"},"modified":"2025-04-15T02:37:15","modified_gmt":"2025-04-15T00:37:15","slug":"kdo-jsme","status":"publish","type":"page","link":"https:\/\/advokaticb.andrasova.com\/index.php\/kdo-jsme\/","title":{"rendered":"Kdo jsme"},"content":{"rendered":"\n<style type=\"text\/css\" data-created_by=\"avia_inline_auto\" id=\"style-css-av-m9hrk8sg-459b591275da31703334bd834fab42f0\">\n.avia-section.av-m9hrk8sg-459b591275da31703334bd834fab42f0{\nbackground-color:rgba(226,226,226,0.27);\nbackground-image:unset;\n}\n#top .avia-section.av-m9hrk8sg-459b591275da31703334bd834fab42f0 .scroll-down-link{\ncolor:#bc985b;\n}\n#top .avia-section.av-m9hrk8sg-459b591275da31703334bd834fab42f0 .scroll-down-link.avia-svg-icon svg:first-child{\nstroke:#bc985b;\nfill:#bc985b;\n}\n<\/style>\n<div id='av_section_1'  class='avia-section av-m9hrk8sg-459b591275da31703334bd834fab42f0 main_color avia-section-default avia-shadow  avia-builder-el-0  el_before_av_section  avia-builder-el-first  avia-bg-style-scroll container_wrap sidebar_right'  ><div class=\"av-section-color-overlay-wrap\"><a href='#next-section' title='' class='scroll-down-link av-custom-scroll-down-color avia-svg-icon avia-font-svg_entypo-fontello' data-av_svg_icon='down-open-mini' data-av_iconset='svg_entypo-fontello'><svg version=\"1.1\" xmlns=\"http:\/\/www.w3.org\/2000\/svg\" width=\"15\" height=\"32\" viewBox=\"0 0 15 32\" preserveAspectRatio=\"xMidYMid meet\" aria-labelledby='av-svg-title-1' aria-describedby='av-svg-desc-1' role=\"graphics-symbol\" aria-hidden=\"true\">\n<title id='av-svg-title-1'>Scroll to next section<\/title>\n<desc id='av-svg-desc-1'>Scroll to next section<\/desc>\n<path d=\"M12.96 12.16q0.704-0.832 1.536 0 0.832 0.704 0 1.536l-6.272 6.144q-0.704 0.704-1.536 0l-6.272-6.144q-0.832-0.832 0-1.536 0.768-0.768 1.6 0l5.44 4.992z\"><\/path>\n<\/svg><\/a><div class='container av-section-cont-open' ><main  role=\"main\" itemprop=\"mainContentOfPage\"  class='template-page content  av-content-small alpha units'><div class='post-entry post-entry-type-page post-entry-3827'><div class='entry-content-wrapper clearfix'>\n<div  class='flex_column av-av_one_half-b9d40cee53b99a667c8a16356a60479a av_one_half  avia-builder-el-1  el_before_av_one_half  avia-builder-el-first  first flex_column_div  '     ><style type=\"text\/css\" data-created_by=\"avia_inline_auto\" id=\"style-css-av-m9hrku3g-79a71e95b40f082e13095c2602ab36f0\">\n.avia-image-container.av-m9hrku3g-79a71e95b40f082e13095c2602ab36f0 img.avia_image{\nbox-shadow:none;\n}\n.avia-image-container.av-m9hrku3g-79a71e95b40f082e13095c2602ab36f0 .av-image-caption-overlay-center{\ncolor:#ffffff;\n}\n<\/style>\n<div  class='avia-image-container av-m9hrku3g-79a71e95b40f082e13095c2602ab36f0 av-styling-no-styling avia-align-center  avia-builder-el-2  avia-builder-el-no-sibling '   itemprop=\"image\" itemscope=\"itemscope\" itemtype=\"https:\/\/schema.org\/ImageObject\" ><div class=\"avia-image-container-inner\"><div class=\"avia-image-overlay-wrap\"><img decoding=\"async\" fetchpriority=\"high\" class='wp-image-4039 avia-img-lazy-loading-not-4039 avia_image ' src=\"https:\/\/advokaticb.andrasova.com\/wp-content\/uploads\/2025\/04\/skupina_01-1000x630.jpg\" alt='' title=''  height=\"630\" width=\"1000\"  itemprop=\"thumbnailUrl\"  \/><\/div><\/div><\/div><\/div><div  class='flex_column av-av_one_half-ee4c48f6af42a886ee827b56b0d6ebe2 av_one_half  avia-builder-el-3  el_after_av_one_half  avia-builder-el-last  flex_column_div  '     ><p>\n<style type=\"text\/css\" data-created_by=\"avia_inline_auto\" id=\"style-css-av-m9hpy5sw-0efc67fab673c9eb338ad506f4a376d9\">\n#top .av-special-heading.av-m9hpy5sw-0efc67fab673c9eb338ad506f4a376d9{\npadding-bottom:10px;\ncolor:#272e61;\n}\nbody .av-special-heading.av-m9hpy5sw-0efc67fab673c9eb338ad506f4a376d9 .av-special-heading-tag .heading-char{\nfont-size:25px;\n}\n.av-special-heading.av-m9hpy5sw-0efc67fab673c9eb338ad506f4a376d9 .special-heading-inner-border{\nborder-color:#272e61;\n}\n.av-special-heading.av-m9hpy5sw-0efc67fab673c9eb338ad506f4a376d9 .av-subheading{\nfont-size:15px;\n}\n<\/style>\n<div  class='av-special-heading av-m9hpy5sw-0efc67fab673c9eb338ad506f4a376d9 av-special-heading-h2 custom-color-heading blockquote modern-quote modern-centered  avia-builder-el-4  el_before_av_textblock  avia-builder-el-first '><h2 class='av-special-heading-tag '  itemprop=\"headline\"  >Kdo jsme?<\/h2><div class=\"special-heading-border\"><div class=\"special-heading-inner-border\"><\/div><\/div><\/div><br \/>\n\n<style type=\"text\/css\" data-created_by=\"avia_inline_auto\" id=\"style-css-av-m9hq0isv-f7521ade08a2a2e1db9ce124fda69b87\">\n#top .av_textblock_section.av-m9hq0isv-f7521ade08a2a2e1db9ce124fda69b87 .avia_textblock{\ntext-align:justify;\n}\n<\/style>\n<section  class='av_textblock_section av-m9hq0isv-f7521ade08a2a2e1db9ce124fda69b87 '   itemscope=\"itemscope\" itemtype=\"https:\/\/schema.org\/CreativeWork\" ><div class='avia_textblock'  itemprop=\"text\" ><p>Jsme zku\u0161en\u00ed a dynami\u010dt\u00ed advok\u00e1ti, p\u016fsob\u00edc\u00ed v renomovan\u00e9 region\u00e1ln\u00ed advok\u00e1tn\u00ed kancel\u00e1\u0159i, p\u0159ipraveni k Va\u0161im slu\u017eb\u00e1m.<\/p>\n<p>V sou\u010dasn\u00e9 dob\u011b poskytujeme vysoce profesion\u00e1ln\u00ed, dynamick\u00e9 a rychl\u00e9 pr\u00e1vn\u00ed slu\u017eby, zalo\u017een\u00e9 na osobn\u00edm p\u0159\u00edstupu ke ka\u017ed\u00e9mu z klient\u016f. Tento zaveden\u00fd standart na\u0161i klienti oce\u0148uj\u00ed a je jedn\u00edm z mnoha d\u016fvod\u016f, pro\u010d se na n\u00e1s opakovan\u011b obracej\u00ed se sv\u00fdmi p\u0159\u00edpady.<\/p>\n<p>Na\u0161i hlavn\u00ed kancel\u00e1\u0159 najdete v \u010cesk\u00fdch Bud\u011bjovic\u00edch, ulici \u0160irok\u00e1 432\/11 (obchodn\u00ed d\u016fm Brouk a Babka), pobo\u010dku pak v Trhov\u00fdch Svinech na \u017di\u017ekov\u011b n\u00e1m\u011bst\u00ed vedle \u010cesk\u00e9 spo\u0159itelny.<\/p>\n<p><strong>Dovolujeme si V\u00e1s proto pozvat nejenom k p\u0159e\u010dten\u00ed dal\u0161\u00ed z t\u011bchto str\u00e1nek pod ozna\u010den\u00edm \u201eSlu\u017eby klient\u016fm\u201c, ale t\u00e9\u017e, a to p\u0159edev\u0161\u00edm, k osobn\u00edmu jedn\u00e1n\u00ed. Domn\u00edv\u00e1me se toti\u017e, \u017ee osobn\u00ed p\u0159\u00edstup je z\u00e1kladem k z\u00edsk\u00e1n\u00ed vz\u00e1jemn\u00e9ho pochopen\u00ed a d\u016fv\u011bry, jako\u017eto nezbytn\u00fdch p\u0159edpoklad\u016f \u00fasp\u011bchu advok\u00e1tov\u00fdch slu\u017eeb<\/strong>.<\/p>\n<\/div><\/section><\/p><\/div><\/div><\/div><\/main><!-- close content main element --><\/div><\/div><\/div><div id='av_section_2'  class='avia-section av-av_section-f22f0f9dd672aac3df52cf5913f6ac08 main_color avia-section-default avia-no-border-styling  avia-builder-el-6  el_after_av_section  avia-builder-el-last  avia-bg-style-scroll container_wrap sidebar_right'  ><div class='container av-section-cont-open' ><div class='template-page content  av-content-small alpha units'><div class='post-entry post-entry-type-page post-entry-3827'><div class='entry-content-wrapper clearfix'>\n<div  class='flex_column av-av_one_third-2d22dc0500e159f2b39fe7a147caf14c av_one_third  avia-builder-el-7  el_before_av_one_third  avia-builder-el-first  first flex_column_div  '     ><p>\n<style type=\"text\/css\" data-created_by=\"avia_inline_auto\" id=\"style-css-av-m9hqr8o6-c40b1e32e98ba818930b58662bf95ca6\">\n@keyframes av_boxShadowEffect_av-m9hqr8o6-c40b1e32e98ba818930b58662bf95ca6 {\n0%   { box-shadow:  0 0 0 0 #bc985b; opacity: 1; }\n100% { box-shadow:  0 0 10px 0 #bc985b; opacity: 1; }\n}\n.avia-image-container.av-m9hqr8o6-c40b1e32e98ba818930b58662bf95ca6 img.avia_image{\nbox-shadow: 0 0 10px 0 #bc985b;\n}\n.avia-image-container.av-m9hqr8o6-c40b1e32e98ba818930b58662bf95ca6 .av-image-caption-overlay-center{\ncolor:#ffffff;\n}\n<\/style>\n<div  class='avia-image-container av-m9hqr8o6-c40b1e32e98ba818930b58662bf95ca6 av-styling-circle av-img-linked avia-align-center  avia-builder-el-8  el_before_av_heading  avia-builder-el-first  av-img-box-shadow av-box-shadow-not-animated'   itemprop=\"image\" itemscope=\"itemscope\" itemtype=\"https:\/\/schema.org\/ImageObject\" ><div class=\"avia-image-container-inner\"><div class=\"avia-image-overlay-wrap\"><a href=\"https:\/\/advokaticb.andrasova.com\/wp-content\/uploads\/2025\/04\/Hlavkova.png\" class='avia_image '  ><img decoding=\"async\" fetchpriority=\"high\" class='wp-image-4194 avia-img-lazy-loading-not-4194 avia_image shadow-not-animated' src=\"https:\/\/advokaticb.andrasova.com\/wp-content\/uploads\/2025\/04\/Hlavkova_200x200.jpg\" alt='' title=''  height=\"200\" width=\"200\"  itemprop=\"thumbnailUrl\" srcset=\"https:\/\/advokaticb.andrasova.com\/wp-content\/uploads\/2025\/04\/Hlavkova_200x200.jpg 200w, https:\/\/advokaticb.andrasova.com\/wp-content\/uploads\/2025\/04\/Hlavkova_200x200-80x80.jpg 80w, https:\/\/advokaticb.andrasova.com\/wp-content\/uploads\/2025\/04\/Hlavkova_200x200-36x36.jpg 36w, https:\/\/advokaticb.andrasova.com\/wp-content\/uploads\/2025\/04\/Hlavkova_200x200-180x180.jpg 180w\" sizes=\"(max-width: 200px) 100vw, 200px\" \/><\/a><\/div><\/div><\/div><br \/>\n\n<style type=\"text\/css\" data-created_by=\"avia_inline_auto\" id=\"style-css-av-m9hqunu8-97c2a2c5bd948d00c6fda54818062bb6\">\n#top .av-special-heading.av-m9hqunu8-97c2a2c5bd948d00c6fda54818062bb6{\npadding-bottom:10px;\n}\nbody .av-special-heading.av-m9hqunu8-97c2a2c5bd948d00c6fda54818062bb6 .av-special-heading-tag .heading-char{\nfont-size:25px;\n}\n.av-special-heading.av-m9hqunu8-97c2a2c5bd948d00c6fda54818062bb6 .av-subheading{\nfont-size:16px;\n}\n<\/style>\n<div  class='av-special-heading av-m9hqunu8-97c2a2c5bd948d00c6fda54818062bb6 av-special-heading-h3 blockquote modern-quote modern-centered  avia-builder-el-9  el_after_av_image  avia-builder-el-last '><h3 class='av-special-heading-tag '  itemprop=\"headline\"  >Mgr. Simona Hl\u00e1vkov\u00e1<\/h3><div class='av-subheading av-subheading_below'><p><b>Vedouc\u00ed kancel\u00e1\u0159e<\/b><\/p>\n<p><b>\u2706<\/b> +420 387 200 681<br \/>\n<b>\u2709<\/b> <a href=\"mailto:asistentka@advokatibudejovice.cz\">asistentka@advokatibudejovice.cz<\/a><\/p>\n<\/div><div class=\"special-heading-border\"><div class=\"special-heading-inner-border\"><\/div><\/div><\/div><\/p><\/div><div  class='flex_column av-av_one_third-3b0d446bf9e6f7db91541aa567be4cdf av_one_third  avia-builder-el-10  el_after_av_one_third  el_before_av_one_third  flex_column_div  '     ><p>\n<style type=\"text\/css\" data-created_by=\"avia_inline_auto\" id=\"style-css-av-m9hr2zdz-28bcdd93fff0e1c88782cc357483b582\">\n@keyframes av_boxShadowEffect_av-m9hr2zdz-28bcdd93fff0e1c88782cc357483b582 {\n0%   { box-shadow:  0 0 0 0 #bc985b; opacity: 1; }\n100% { box-shadow:  0 0 10px 0 #bc985b; opacity: 1; }\n}\n.avia-image-container.av-m9hr2zdz-28bcdd93fff0e1c88782cc357483b582 img.avia_image{\nbox-shadow: 0 0 10px 0 #bc985b;\n}\n.avia-image-container.av-m9hr2zdz-28bcdd93fff0e1c88782cc357483b582 .av-image-caption-overlay-center{\ncolor:#ffffff;\n}\n<\/style>\n<div  class='avia-image-container av-m9hr2zdz-28bcdd93fff0e1c88782cc357483b582 av-styling-circle av-img-linked avia-align-center  avia-builder-el-11  el_before_av_heading  avia-builder-el-first  av-img-box-shadow av-box-shadow-not-animated'   itemprop=\"image\" itemscope=\"itemscope\" itemtype=\"https:\/\/schema.org\/ImageObject\" ><div class=\"avia-image-container-inner\"><div class=\"avia-image-overlay-wrap\"><a href=\"https:\/\/advokaticb.andrasova.com\/wp-content\/uploads\/2025\/04\/Cutkova.png\" class='avia_image '  ><img decoding=\"async\" fetchpriority=\"high\" class='wp-image-4190 avia-img-lazy-loading-not-4190 avia_image shadow-not-animated' src=\"https:\/\/advokaticb.andrasova.com\/wp-content\/uploads\/2025\/04\/cutkova_200x200.jpg\" alt='' title=''  height=\"200\" width=\"200\"  itemprop=\"thumbnailUrl\" srcset=\"https:\/\/advokaticb.andrasova.com\/wp-content\/uploads\/2025\/04\/cutkova_200x200.jpg 200w, https:\/\/advokaticb.andrasova.com\/wp-content\/uploads\/2025\/04\/cutkova_200x200-80x80.jpg 80w, https:\/\/advokaticb.andrasova.com\/wp-content\/uploads\/2025\/04\/cutkova_200x200-36x36.jpg 36w, https:\/\/advokaticb.andrasova.com\/wp-content\/uploads\/2025\/04\/cutkova_200x200-180x180.jpg 180w\" sizes=\"(max-width: 200px) 100vw, 200px\" \/><\/a><\/div><\/div><\/div><br \/>\n\n<style type=\"text\/css\" data-created_by=\"avia_inline_auto\" id=\"style-css-av-m9hr58sy-f07716967b26575d3ea0401f1a89e522\">\n#top .av-special-heading.av-m9hr58sy-f07716967b26575d3ea0401f1a89e522{\npadding-bottom:10px;\n}\nbody .av-special-heading.av-m9hr58sy-f07716967b26575d3ea0401f1a89e522 .av-special-heading-tag .heading-char{\nfont-size:25px;\n}\n.av-special-heading.av-m9hr58sy-f07716967b26575d3ea0401f1a89e522 .av-subheading{\nfont-size:16px;\n}\n<\/style>\n<div  class='av-special-heading av-m9hr58sy-f07716967b26575d3ea0401f1a89e522 av-special-heading-h3 blockquote modern-quote modern-centered  avia-builder-el-12  el_after_av_image  avia-builder-el-last '><h3 class='av-special-heading-tag '  itemprop=\"headline\"  >Mgr. Kl\u00e1ra \u010cutkov\u00e1<\/h3><div class='av-subheading av-subheading_below'><p><b>Advok\u00e1tka<\/b><\/p>\n<p><b>\u2706<\/b> +420 387 200 681<br \/>\n<b>\u2706<\/b> +420 775 176 170<br \/>\n<b>\u2709<\/b> <a href=\"mailto:cutkova@advokatibudejovice.cz\">cutkova@advokatibudejovice.cz<\/a><\/p>\n<p>Zaps\u00e1na u \u010cAK pod \u010d. 12 027, I\u010c: 759 79 209<\/p>\n<\/div><div class=\"special-heading-border\"><div class=\"special-heading-inner-border\"><\/div><\/div><\/div><\/p><\/div><div  class='flex_column av-av_one_third-3b0d446bf9e6f7db91541aa567be4cdf av_one_third  avia-builder-el-13  el_after_av_one_third  el_before_av_one_half  flex_column_div  '     ><p>\n<style type=\"text\/css\" data-created_by=\"avia_inline_auto\" id=\"style-css-av-m9hr6trz-504d0f9fa73ed5bf5f9b3898d5323cbb\">\n@keyframes av_boxShadowEffect_av-m9hr6trz-504d0f9fa73ed5bf5f9b3898d5323cbb {\n0%   { box-shadow:  0 0 0 0 #bc985b; opacity: 1; }\n100% { box-shadow:  0 0 10px 0 #bc985b; opacity: 1; }\n}\n.avia-image-container.av-m9hr6trz-504d0f9fa73ed5bf5f9b3898d5323cbb img.avia_image{\nbox-shadow: 0 0 10px 0 #bc985b;\n}\n.avia-image-container.av-m9hr6trz-504d0f9fa73ed5bf5f9b3898d5323cbb .av-image-caption-overlay-center{\ncolor:#ffffff;\n}\n<\/style>\n<div  class='avia-image-container av-m9hr6trz-504d0f9fa73ed5bf5f9b3898d5323cbb av-styling-circle av-img-linked avia-align-center  avia-builder-el-14  el_before_av_heading  avia-builder-el-first  av-img-box-shadow av-box-shadow-not-animated'   itemprop=\"image\" itemscope=\"itemscope\" itemtype=\"https:\/\/schema.org\/ImageObject\" ><div class=\"avia-image-container-inner\"><div class=\"avia-image-overlay-wrap\"><a href=\"https:\/\/advokaticb.andrasova.com\/wp-content\/uploads\/2025\/04\/Kotek.png\" class='avia_image '  ><img decoding=\"async\" fetchpriority=\"high\" class='wp-image-4193 avia-img-lazy-loading-not-4193 avia_image shadow-not-animated' src=\"https:\/\/advokaticb.andrasova.com\/wp-content\/uploads\/2025\/04\/Kotek_200x200.jpg\" alt='' title=''  height=\"200\" width=\"200\"  itemprop=\"thumbnailUrl\" srcset=\"https:\/\/advokaticb.andrasova.com\/wp-content\/uploads\/2025\/04\/Kotek_200x200.jpg 200w, https:\/\/advokaticb.andrasova.com\/wp-content\/uploads\/2025\/04\/Kotek_200x200-80x80.jpg 80w, https:\/\/advokaticb.andrasova.com\/wp-content\/uploads\/2025\/04\/Kotek_200x200-36x36.jpg 36w, https:\/\/advokaticb.andrasova.com\/wp-content\/uploads\/2025\/04\/Kotek_200x200-180x180.jpg 180w\" sizes=\"(max-width: 200px) 100vw, 200px\" \/><\/a><\/div><\/div><\/div><br \/>\n\n<style type=\"text\/css\" data-created_by=\"avia_inline_auto\" id=\"style-css-av-m9hr7l6s-f8e5337de740da96937a5041e95d0754\">\n#top .av-special-heading.av-m9hr7l6s-f8e5337de740da96937a5041e95d0754{\npadding-bottom:10px;\n}\nbody .av-special-heading.av-m9hr7l6s-f8e5337de740da96937a5041e95d0754 .av-special-heading-tag .heading-char{\nfont-size:25px;\n}\n.av-special-heading.av-m9hr7l6s-f8e5337de740da96937a5041e95d0754 .av-subheading{\nfont-size:16px;\n}\n<\/style>\n<div  class='av-special-heading av-m9hr7l6s-f8e5337de740da96937a5041e95d0754 av-special-heading-h3 blockquote modern-quote modern-centered  avia-builder-el-15  el_after_av_image  avia-builder-el-last '><h3 class='av-special-heading-tag '  itemprop=\"headline\"  >Mgr. Tom\u00e1\u0161 Kotek<\/h3><div class='av-subheading av-subheading_below'><p><b>Koncipient<\/b><\/p>\n<p><b>\u2706<\/b> +420 605 534 587<br \/>\n<b>\u2709<\/b> <a href=\"mailto:kotek@advokatibudejovice.cz\">kotek@advokatibudejovice.cz<\/a><\/p>\n<\/div><div class=\"special-heading-border\"><div class=\"special-heading-inner-border\"><\/div><\/div><\/div><\/p><\/div><div  class='flex_column av-av_one_half-2d22dc0500e159f2b39fe7a147caf14c av_one_half  avia-builder-el-16  el_after_av_one_third  el_before_av_one_half  first flex_column_div  column-top-margin'     ><p>\n<style type=\"text\/css\" data-created_by=\"avia_inline_auto\" id=\"style-css-av-m9hr86tq-0bca56cc0a6cdeaef32255d6d61eef10\">\n@keyframes av_boxShadowEffect_av-m9hr86tq-0bca56cc0a6cdeaef32255d6d61eef10 {\n0%   { box-shadow:  0 0 0 0 #bc985b; opacity: 1; }\n100% { box-shadow:  0 0 10px 0 #bc985b; opacity: 1; }\n}\n.avia-image-container.av-m9hr86tq-0bca56cc0a6cdeaef32255d6d61eef10 img.avia_image{\nbox-shadow: 0 0 10px 0 #bc985b;\n}\n.avia-image-container.av-m9hr86tq-0bca56cc0a6cdeaef32255d6d61eef10 .av-image-caption-overlay-center{\ncolor:#ffffff;\n}\n<\/style>\n<div  class='avia-image-container av-m9hr86tq-0bca56cc0a6cdeaef32255d6d61eef10 av-styling-circle av-img-linked avia-align-center  avia-builder-el-17  el_before_av_heading  avia-builder-el-first  av-img-box-shadow av-box-shadow-not-animated'   itemprop=\"image\" itemscope=\"itemscope\" itemtype=\"https:\/\/schema.org\/ImageObject\" ><div class=\"avia-image-container-inner\"><div class=\"avia-image-overlay-wrap\"><a href=\"https:\/\/advokaticb.andrasova.com\/wp-content\/uploads\/2025\/04\/Kralikova.png\" class='avia_image '  ><img decoding=\"async\" fetchpriority=\"high\" class='wp-image-4192 avia-img-lazy-loading-not-4192 avia_image shadow-not-animated' src=\"https:\/\/advokaticb.andrasova.com\/wp-content\/uploads\/2025\/04\/Kralikova_200x200.jpg\" alt='' title=''  height=\"200\" width=\"200\"  itemprop=\"thumbnailUrl\" srcset=\"https:\/\/advokaticb.andrasova.com\/wp-content\/uploads\/2025\/04\/Kralikova_200x200.jpg 200w, https:\/\/advokaticb.andrasova.com\/wp-content\/uploads\/2025\/04\/Kralikova_200x200-80x80.jpg 80w, https:\/\/advokaticb.andrasova.com\/wp-content\/uploads\/2025\/04\/Kralikova_200x200-36x36.jpg 36w, https:\/\/advokaticb.andrasova.com\/wp-content\/uploads\/2025\/04\/Kralikova_200x200-180x180.jpg 180w\" sizes=\"(max-width: 200px) 100vw, 200px\" \/><\/a><\/div><\/div><\/div><br \/>\n\n<style type=\"text\/css\" data-created_by=\"avia_inline_auto\" id=\"style-css-av-m9hr964i-3846120830a4062dd691be720ccf7295\">\n#top .av-special-heading.av-m9hr964i-3846120830a4062dd691be720ccf7295{\npadding-bottom:10px;\n}\nbody .av-special-heading.av-m9hr964i-3846120830a4062dd691be720ccf7295 .av-special-heading-tag .heading-char{\nfont-size:25px;\n}\n.av-special-heading.av-m9hr964i-3846120830a4062dd691be720ccf7295 .av-subheading{\nfont-size:16px;\n}\n<\/style>\n<div  class='av-special-heading av-m9hr964i-3846120830a4062dd691be720ccf7295 av-special-heading-h3 blockquote modern-quote modern-centered  avia-builder-el-18  el_after_av_image  avia-builder-el-last '><h3 class='av-special-heading-tag '  itemprop=\"headline\"  >Mgr. Kate\u0159ina Kr\u00e1l\u00edkov\u00e1<\/h3><div class='av-subheading av-subheading_below'><p><b>Koncipientka<\/b><\/p>\n<p><b>\u2706<\/b> +420 601 385 562<br \/>\n<b>\u2709<\/b> <a href=\"mailto:kralikova@advokatibudejovice.cz\">kralikova@advokatibudejovice.cz<\/a><\/p>\n<\/div><div class=\"special-heading-border\"><div class=\"special-heading-inner-border\"><\/div><\/div><\/div><\/p><\/div><div  class='flex_column av-av_one_half-3b0d446bf9e6f7db91541aa567be4cdf av_one_half  avia-builder-el-19  el_after_av_one_half  avia-builder-el-last  flex_column_div  column-top-margin'     ><p>\n<style type=\"text\/css\" data-created_by=\"avia_inline_auto\" id=\"style-css-av-m9hra1we-9dc3730d2bad622c5c99220c8a20a5c7\">\n@keyframes av_boxShadowEffect_av-m9hra1we-9dc3730d2bad622c5c99220c8a20a5c7 {\n0%   { box-shadow:  0 0 0 0 #bc985b; opacity: 1; }\n100% { box-shadow:  0 0 10px 0 #bc985b; opacity: 1; }\n}\n.avia-image-container.av-m9hra1we-9dc3730d2bad622c5c99220c8a20a5c7 img.avia_image{\nbox-shadow: 0 0 10px 0 #bc985b;\n}\n.avia-image-container.av-m9hra1we-9dc3730d2bad622c5c99220c8a20a5c7 .av-image-caption-overlay-center{\ncolor:#ffffff;\n}\n<\/style>\n<div  class='avia-image-container av-m9hra1we-9dc3730d2bad622c5c99220c8a20a5c7 av-styling-circle av-img-linked avia-align-center  avia-builder-el-20  el_before_av_heading  avia-builder-el-first  av-img-box-shadow av-box-shadow-not-animated'   itemprop=\"image\" itemscope=\"itemscope\" itemtype=\"https:\/\/schema.org\/ImageObject\" ><div class=\"avia-image-container-inner\"><div class=\"avia-image-overlay-wrap\"><a href=\"https:\/\/advokaticb.andrasova.com\/wp-content\/uploads\/2025\/04\/Kubickova.png\" class='avia_image '  ><img decoding=\"async\" fetchpriority=\"high\" class='wp-image-4191 avia-img-lazy-loading-not-4191 avia_image shadow-not-animated' src=\"https:\/\/advokaticb.andrasova.com\/wp-content\/uploads\/2025\/04\/Kubickova_200x200.jpg\" alt='' title=''  height=\"200\" width=\"200\"  itemprop=\"thumbnailUrl\" srcset=\"https:\/\/advokaticb.andrasova.com\/wp-content\/uploads\/2025\/04\/Kubickova_200x200.jpg 200w, https:\/\/advokaticb.andrasova.com\/wp-content\/uploads\/2025\/04\/Kubickova_200x200-80x80.jpg 80w, https:\/\/advokaticb.andrasova.com\/wp-content\/uploads\/2025\/04\/Kubickova_200x200-36x36.jpg 36w, https:\/\/advokaticb.andrasova.com\/wp-content\/uploads\/2025\/04\/Kubickova_200x200-180x180.jpg 180w\" sizes=\"(max-width: 200px) 100vw, 200px\" \/><\/a><\/div><\/div><\/div><br \/>\n\n<style type=\"text\/css\" data-created_by=\"avia_inline_auto\" id=\"style-css-av-m9hrapzz-68924eebfa348823cca1a87f36625bbb\">\n#top .av-special-heading.av-m9hrapzz-68924eebfa348823cca1a87f36625bbb{\npadding-bottom:10px;\n}\nbody .av-special-heading.av-m9hrapzz-68924eebfa348823cca1a87f36625bbb .av-special-heading-tag .heading-char{\nfont-size:25px;\n}\n.av-special-heading.av-m9hrapzz-68924eebfa348823cca1a87f36625bbb .av-subheading{\nfont-size:16px;\n}\n<\/style>\n<div  class='av-special-heading av-m9hrapzz-68924eebfa348823cca1a87f36625bbb av-special-heading-h3 blockquote modern-quote modern-centered  avia-builder-el-21  el_after_av_image  avia-builder-el-last '><h3 class='av-special-heading-tag '  itemprop=\"headline\"  >Mgr. Tereza Kubi\u010dkov\u00e1<\/h3><div class='av-subheading av-subheading_below'><p><b>Koncipientka<\/b><\/p>\n<p><b>\u2706<\/b> +420 725 390 940<br \/>\n<b>\u2709<\/b> <a href=\"mailto:kubickova@advokatibudejovice.cz\">kubickova@advokatibudejovice.cz<\/a><\/p>\n<\/div><div class=\"special-heading-border\"><div class=\"special-heading-inner-border\"><\/div><\/div><\/div><\/p><\/div><\/div><\/div><\/div><!-- close content main div --><\/div><\/div><div id='after_section_2'  class='main_color av_default_container_wrap container_wrap sidebar_right'  ><div class='container av-section-cont-open' ><div class='template-page content  av-content-small alpha units'><div class='post-entry post-entry-type-page post-entry-3827'><div class='entry-content-wrapper clearfix'><\/p>\n","protected":false},"excerpt":{"rendered":"","protected":false},"author":1,"featured_media":0,"parent":0,"menu_order":0,"comment_status":"closed","ping_status":"closed","template":"","meta":{"footnotes":""},"class_list":["post-3827","page","type-page","status-publish","hentry"],"_links":{"self":[{"href":"https:\/\/advokaticb.andrasova.com\/index.php\/wp-json\/wp\/v2\/pages\/3827","targetHints":{"allow":["GET"]}}],"collection":[{"href":"https:\/\/advokaticb.andrasova.com\/index.php\/wp-json\/wp\/v2\/pages"}],"about":[{"href":"https:\/\/advokaticb.andrasova.com\/index.php\/wp-json\/wp\/v2\/types\/page"}],"author":[{"embeddable":true,"href":"https:\/\/advokaticb.andrasova.com\/index.php\/wp-json\/wp\/v2\/users\/1"}],"replies":[{"embeddable":true,"href":"https:\/\/advokaticb.andrasova.com\/index.php\/wp-json\/wp\/v2\/comments?post=3827"}],"version-history":[{"count":50,"href":"https:\/\/advokaticb.andrasova.com\/index.php\/wp-json\/wp\/v2\/pages\/3827\/revisions"}],"predecessor-version":[{"id":4214,"href":"https:\/\/advokaticb.andrasova.com\/index.php\/wp-json\/wp\/v2\/pages\/3827\/revisions\/4214"}],"wp:attachment":[{"href":"https:\/\/advokaticb.andrasova.com\/index.php\/wp-json\/wp\/v2\/media?parent=3827"}],"curies":[{"name":"wp","href":"https:\/\/api.w.org\/{rel}","templated":true}]}}