{"id":3854,"date":"2025-04-14T13:36:32","date_gmt":"2025-04-14T11:36:32","guid":{"rendered":"https:\/\/advokaticb.andrasova.com\/?page_id=3854"},"modified":"2025-04-15T13:08:40","modified_gmt":"2025-04-15T11:08:40","slug":"kontakt","status":"publish","type":"page","link":"https:\/\/advokaticb.andrasova.com\/index.php\/kontakt\/","title":{"rendered":"Kontakt"},"content":{"rendered":"<div id='av-layout-grid-1'  class='av-layout-grid-container av-m9ie50gx-ff23ebbac7c6c5fa01e82f242f19c668 entry-content-wrapper main_color av-flex-cells  avia-builder-el-0  avia-builder-el-no-sibling  av-cell-min-height av-cell-min-height-75  container_wrap sidebar_right'   data-av_minimum_height_pc='75'>\n\n<style type=\"text\/css\" data-created_by=\"avia_inline_auto\" id=\"style-css-av-m9ie3qq7-463f7330dd5516653a538e3f6a7bcc76\">\n.flex_cell.av-m9ie3qq7-463f7330dd5516653a538e3f6a7bcc76{\nvertical-align:top;\nbackground:url(https:\/\/advokaticb.andrasova.com\/wp-content\/uploads\/2025\/04\/Spolecna-scaled.jpg) 100% 100% no-repeat scroll ;\n}\n<\/style>\n<div class='flex_cell av-m9ie3qq7-463f7330dd5516653a538e3f6a7bcc76 av-gridrow-cell av_one_half no_margin  avia-builder-el-1  el_before_av_cell_one_half  avia-builder-el-first  content-align-top avia-full-stretch'  ><div class='flex_cell_inner'><\/div><\/div>\n<style type=\"text\/css\" data-created_by=\"avia_inline_auto\" id=\"style-css-av-m9ief043-4863f99c687463595937914a9c88416f\">\n.flex_cell.av-m9ief043-4863f99c687463595937914a9c88416f{\nvertical-align:top;\n}\n.responsive #top #wrap_all .flex_cell.av-m9ief043-4863f99c687463595937914a9c88416f{\npadding:0 0 0 90px !important;\n}\n<\/style>\n<div class='flex_cell av-m9ief043-4863f99c687463595937914a9c88416f av-gridrow-cell av_one_half no_margin  avia-builder-el-2  el_after_av_cell_one_half  avia-builder-el-last  content-align-top'  ><div class='flex_cell_inner'><div  class='flex_column av-av_one_full-9dee20dd4cab7301df6f0c4f35ed491f av_one_full  avia-builder-el-3  avia-builder-el-no-sibling  first flex_column_div  '     ><p>\n<style type=\"text\/css\" data-created_by=\"avia_inline_auto\" id=\"style-css-av-m9iefori-1392d96f245b7fba425b1a58f7c9ce5e\">\n#top .hr.hr-invisible.av-m9iefori-1392d96f245b7fba425b1a58f7c9ce5e{\nheight:40px;\n}\n<\/style>\n<div  class='hr av-m9iefori-1392d96f245b7fba425b1a58f7c9ce5e hr-invisible  avia-builder-el-4  el_before_av_heading  avia-builder-el-first '><span class='hr-inner '><span class=\"hr-inner-style\"><\/span><\/span><\/div><br \/>\n\n<style type=\"text\/css\" data-created_by=\"avia_inline_auto\" id=\"style-css-av-m9idw16y-21555547d94cdba0e371443258b83f5f\">\n#top .av-special-heading.av-m9idw16y-21555547d94cdba0e371443258b83f5f{\npadding-bottom:10px;\ncolor:#272e61;\n}\nbody .av-special-heading.av-m9idw16y-21555547d94cdba0e371443258b83f5f .av-special-heading-tag .heading-char{\nfont-size:25px;\n}\n.av-special-heading.av-m9idw16y-21555547d94cdba0e371443258b83f5f .special-heading-inner-border{\nborder-color:#272e61;\n}\n.av-special-heading.av-m9idw16y-21555547d94cdba0e371443258b83f5f .av-subheading{\nfont-size:15px;\n}\n<\/style>\n<div  class='av-special-heading av-m9idw16y-21555547d94cdba0e371443258b83f5f av-special-heading-h3 custom-color-heading blockquote modern-quote  avia-builder-el-5  el_after_av_hr  el_before_av_hr '><h3 class='av-special-heading-tag '  itemprop=\"headline\"  >KONTAKT<\/h3><div class=\"special-heading-border\"><div class=\"special-heading-inner-border\"><\/div><\/div><\/div><br \/>\n\n<style type=\"text\/css\" data-created_by=\"avia_inline_auto\" id=\"style-css-av-m9iecn5a-3fc6339ba7ab3798d7add0a612fd308c\">\n#top .hr.hr-invisible.av-m9iecn5a-3fc6339ba7ab3798d7add0a612fd308c{\nheight:20px;\n}\n<\/style>\n<div  class='hr av-m9iecn5a-3fc6339ba7ab3798d7add0a612fd308c hr-invisible  avia-builder-el-6  el_after_av_heading  el_before_av_textblock '><span class='hr-inner '><span class=\"hr-inner-style\"><\/span><\/span><\/div><br \/>\n\n<style type=\"text\/css\" data-created_by=\"avia_inline_auto\" id=\"style-css-av-m9idz470-c854c683f49cada8875c5fb6dde98896\">\n#top .av_textblock_section.av-m9idz470-c854c683f49cada8875c5fb6dde98896 .avia_textblock{\ntext-align:justify;\n}\n<\/style>\n<section  class='av_textblock_section av-m9idz470-c854c683f49cada8875c5fb6dde98896 '   itemscope=\"itemscope\" itemtype=\"https:\/\/schema.org\/CreativeWork\" ><div class='avia_textblock'  itemprop=\"text\" ><h3 style=\"text-align: left;\"><strong>\u010cutkov\u00e1 advok\u00e1tn\u00ed kancel\u00e1\u0159, s.r.o.<\/strong><\/h3>\n<p>\u0160irok\u00e1 432\/11<br \/>\n370 01 \u010cesk\u00e9 Bud\u011bjovice<\/p>\n<p><em>(obchodn\u00ed d\u016fm Brouk a Babka \u201cBrouk\u00e1rna\u201d<br \/>\n4. patro v administrativn\u00ed \u010d\u00e1sti budovy)<\/em><strong><br \/>\n<\/strong><\/p>\n<p><strong>\u2706\u00a0+420 387 200 681<\/strong><br \/>\n<b>\u2709<\/b> <a href=\"mailto:asistentka@advokatibudejovice.cz\">asistentka@advokatibudejovice.cz<\/a><\/p>\n<p>GPS Loc:\u00a0N 48\u00b058.38337&#8242;, E 14\u00b028.47373&#8242;<\/p>\n<p>I\u010c: 261 09 646, DI\u010c: CZ26109646<\/p>\n<\/div><\/section><br \/>\n\n<style type=\"text\/css\" data-created_by=\"avia_inline_auto\" id=\"style-css-av-av_hr-02349c1beab2949c090bc0e85b87d63d\">\n#top .hr.hr-invisible.av-av_hr-02349c1beab2949c090bc0e85b87d63d{\nheight:20px;\n}\n<\/style>\n<div  class='hr av-av_hr-02349c1beab2949c090bc0e85b87d63d hr-invisible  avia-builder-el-8  el_after_av_textblock  el_before_av_button '><span class='hr-inner '><span class=\"hr-inner-style\"><\/span><\/span><\/div><br \/>\n<div  class='avia-button-wrap av-m9ie985w-0c421aeaac3ed52fb2002eff1cc0c3ec-wrap avia-button-left  avia-builder-el-9  el_after_av_hr  el_before_av_button '>\n<style type=\"text\/css\" data-created_by=\"avia_inline_auto\" id=\"style-css-av-m9ie985w-0c421aeaac3ed52fb2002eff1cc0c3ec\">\n#top #wrap_all .avia-button.av-m9ie985w-0c421aeaac3ed52fb2002eff1cc0c3ec{\nbackground-color:#bc985b;\nborder-color:#bc985b;\ncolor:#ffffff;\ntransition:all 0.4s ease-in-out;\n}\n#top #wrap_all .avia-button.av-m9ie985w-0c421aeaac3ed52fb2002eff1cc0c3ec .avia-svg-icon svg:first-child{\nfill:#ffffff;\nstroke:#ffffff;\n}\n<\/style>\n<a href='https:\/\/advokaticb.andrasova.com\/index.php\/nase-kancelare\/'  class='avia-button av-m9ie985w-0c421aeaac3ed52fb2002eff1cc0c3ec av-link-btn avia-icon_select-no avia-size-medium avia-position-left'   aria-label=\"S\u00eddlo \u010cesk\u00e9 Bud\u011bjovice\"><span class='avia_iconbox_title' >S\u00eddlo \u010cesk\u00e9 Bud\u011bjovice<\/span><\/a><\/div><br \/>\n<div  class='avia-button-wrap av-m9ie9p6t-4873977eac7488f04f0ddf53adfcfe3d-wrap avia-button-left  avia-builder-el-10  el_after_av_button  avia-builder-el-last '><a href='https:\/\/advokaticb.andrasova.com\/index.php\/nase-kancelare\/'  class='avia-button av-m9ie9p6t-4873977eac7488f04f0ddf53adfcfe3d av-link-btn avia-icon_select-no avia-size-medium avia-position-left avia-color-theme-color-subtle'   aria-label=\"S\u00eddlo Trhov\u00e9 Sviny\"><span class='avia_iconbox_title' >S\u00eddlo Trhov\u00e9 Sviny<\/span><\/a><\/div><\/p><\/div>\n<\/div><\/div><\/div>\n","protected":false},"excerpt":{"rendered":"","protected":false},"author":1,"featured_media":0,"parent":0,"menu_order":0,"comment_status":"closed","ping_status":"closed","template":"","meta":{"footnotes":""},"class_list":["post-3854","page","type-page","status-publish","hentry"],"_links":{"self":[{"href":"https:\/\/advokaticb.andrasova.com\/index.php\/wp-json\/wp\/v2\/pages\/3854","targetHints":{"allow":["GET"]}}],"collection":[{"href":"https:\/\/advokaticb.andrasova.com\/index.php\/wp-json\/wp\/v2\/pages"}],"about":[{"href":"https:\/\/advokaticb.andrasova.com\/index.php\/wp-json\/wp\/v2\/types\/page"}],"author":[{"embeddable":true,"href":"https:\/\/advokaticb.andrasova.com\/index.php\/wp-json\/wp\/v2\/users\/1"}],"replies":[{"embeddable":true,"href":"https:\/\/advokaticb.andrasova.com\/index.php\/wp-json\/wp\/v2\/comments?post=3854"}],"version-history":[{"count":31,"href":"https:\/\/advokaticb.andrasova.com\/index.php\/wp-json\/wp\/v2\/pages\/3854\/revisions"}],"predecessor-version":[{"id":4340,"href":"https:\/\/advokaticb.andrasova.com\/index.php\/wp-json\/wp\/v2\/pages\/3854\/revisions\/4340"}],"wp:attachment":[{"href":"https:\/\/advokaticb.andrasova.com\/index.php\/wp-json\/wp\/v2\/media?parent=3854"}],"curies":[{"name":"wp","href":"https:\/\/api.w.org\/{rel}","templated":true}]}}