{"id":4267,"date":"2025-04-15T03:29:21","date_gmt":"2025-04-15T01:29:21","guid":{"rendered":"https:\/\/advokaticb.andrasova.com\/?page_id=4267"},"modified":"2025-04-15T03:48:12","modified_gmt":"2025-04-15T01:48:12","slug":"ceny-sluzeb","status":"publish","type":"page","link":"https:\/\/advokaticb.andrasova.com\/index.php\/ceny-sluzeb\/","title":{"rendered":"Ceny slu\u017eeb"},"content":{"rendered":"\n<style type=\"text\/css\" data-created_by=\"avia_inline_auto\" id=\"style-css-av-m9htqmrc-ee46933fa8892617b187fd10a9bce46b\">\n.avia-section.av-m9htqmrc-ee46933fa8892617b187fd10a9bce46b{\nbackground-repeat:no-repeat;\nbackground-image:url(https:\/\/advokaticb.andrasova.com\/wp-content\/uploads\/2025\/04\/e10-1500x840.png);\nbackground-position:50% 50%;\nbackground-attachment:scroll;\n}\n<\/style>\n<div id='av_section_1'  class='avia-section av-m9htqmrc-ee46933fa8892617b187fd10a9bce46b main_color avia-section-default avia-no-border-styling  avia-builder-el-0  el_before_av_section  avia-builder-el-first  avia-full-stretch avia-bg-style-scroll av-minimum-height av-minimum-height-15 av-height-percent  container_wrap sidebar_right'  data-section-bg-repeat='stretch' data-av_minimum_height_pc='15' data-av_min_height_opt='percent'><div class='container av-section-cont-open' ><main  role=\"main\" itemprop=\"mainContentOfPage\"  class='template-page content  av-content-small alpha units'><div class='post-entry post-entry-type-page post-entry-4267'><div class='entry-content-wrapper clearfix'>\n<\/div><\/div><\/main><!-- close content main element --><\/div><\/div>\n<style type=\"text\/css\" data-created_by=\"avia_inline_auto\" id=\"style-css-av-68hkxn-70bb7a3d0edd4b16c0a8df10355cc625\">\n.avia-section.av-68hkxn-70bb7a3d0edd4b16c0a8df10355cc625{\nbackground-color:rgba(226,226,226,0.27);\nbackground-image:unset;\n}\n<\/style>\n<div id='av_section_2'  class='avia-section av-68hkxn-70bb7a3d0edd4b16c0a8df10355cc625 main_color avia-section-default avia-shadow  avia-builder-el-1  el_after_av_section  avia-builder-el-last  avia-bg-style-scroll container_wrap sidebar_right'  ><div class='container av-section-cont-open' ><div class='template-page content  av-content-small alpha units'><div class='post-entry post-entry-type-page post-entry-4267'><div class='entry-content-wrapper clearfix'>\n\n<style type=\"text\/css\" data-created_by=\"avia_inline_auto\" id=\"style-css-av-m9htovw4-448968a748084e64b1c5449c469972c0\">\n#top .av-special-heading.av-m9htovw4-448968a748084e64b1c5449c469972c0{\npadding-bottom:10px;\ncolor:#272e61;\n}\nbody .av-special-heading.av-m9htovw4-448968a748084e64b1c5449c469972c0 .av-special-heading-tag .heading-char{\nfont-size:25px;\n}\n.av-special-heading.av-m9htovw4-448968a748084e64b1c5449c469972c0 .special-heading-inner-border{\nborder-color:#272e61;\n}\n.av-special-heading.av-m9htovw4-448968a748084e64b1c5449c469972c0 .av-subheading{\nfont-size:15px;\n}\n<\/style>\n<div  class='av-special-heading av-m9htovw4-448968a748084e64b1c5449c469972c0 av-special-heading-h1 custom-color-heading blockquote modern-quote modern-centered  avia-builder-el-2  el_before_av_one_half  avia-builder-el-first '><h1 class='av-special-heading-tag '  itemprop=\"headline\"  >CENY SLU\u017dEB<\/h1><div class=\"special-heading-border\"><div class=\"special-heading-inner-border\"><\/div><\/div><\/div>\n<div  class='flex_column av-4ede7f-68d00b9d5d0687b62d579ad36f48cdae av_one_half  avia-builder-el-3  el_after_av_heading  el_before_av_one_half  first flex_column_div  '     ><style type=\"text\/css\" data-created_by=\"avia_inline_auto\" id=\"style-css-av-m9htpod6-c84b622138ee04b567282c00dc780919\">\n#top .av_textblock_section.av-m9htpod6-c84b622138ee04b567282c00dc780919 .avia_textblock{\ntext-align:justify;\n}\n<\/style>\n<section  class='av_textblock_section av-m9htpod6-c84b622138ee04b567282c00dc780919 '   itemscope=\"itemscope\" itemtype=\"https:\/\/schema.org\/CreativeWork\" ><div class='avia_textblock'  itemprop=\"text\" ><p>Nechceme pat\u0159it k\u00a0t\u011bm, kte\u0159\u00ed se sna\u017e\u00ed ohromit prvotn\u00ed n\u00edzkou cenou, kter\u00e1 se na prvn\u00ed pohled jev\u00ed jako neuv\u011b\u0159iteln\u011b v\u00fdhodn\u00e1 a n\u00e1sledn\u011b pak tuto pod nejr\u016fzn\u011bj\u0161\u00edmi z\u00e1minkami a skryt\u00fdmi pr\u00e1vn\u00edmi \u00fakony navy\u0161ovat. Cena slu\u017eeb je nepochybn\u011b odvisl\u00e1 od slo\u017eitosti p\u0159\u00edpadu a n\u00e1ro\u010dnosti na \u00fakony.<\/p>\n<p>Proto pova\u017eujeme za \u010destn\u00e9 sjednat v\u017edy p\u0159ed zah\u00e1jen\u00edm \u00fakonu smluvn\u00ed cenu s\u00a0t\u00edm, \u017ee zad\u00e1n\u00ed bude p\u0159esn\u011b pops\u00e1no klientem a z\u00a0na\u0161\u00ed strany vykalkulov\u00e1ny n\u00e1klady. M\u016f\u017eete si v\u0161ak b\u00fdt jisti, \u017ee odm\u011bna za na\u0161e kvalifikovan\u00e9 slu\u017eby nebude p\u0159esahovat pr\u016fm\u011brn\u00fdch cen v\u00a0regionu, sp\u00ed\u0161e lze hovo\u0159it o tom, \u017ee pat\u0159\u00ed k\u00a0t\u011bm ni\u017e\u0161\u00edm a to d\u00edky vysok\u00e9 produktivit\u011b a efektivn\u00edm n\u00e1klad\u016fm.<\/p>\n<p>Pro dlouhodob\u00e9 klienty s\u00a0opakuj\u00edc\u00edm se po\u017eadavkem na pr\u00e1vn\u00ed slu\u017eby m\u016f\u017eeme nab\u00eddnout uzav\u0159en\u00ed smluvn\u00edho vztahu na dobu neur\u010ditou, kdy za fixn\u00ed m\u011bs\u00ed\u010dn\u00ed poplatek poskytujeme pravidelnou pr\u00e1vn\u00ed pomoc (kdykoliv p\u0159es e-mail, telefonicky osobn\u011b v\u00a0s\u00eddle klienta) v\u010d. pr\u00e1vn\u00edho zastoupen\u00ed p\u0159i jedn\u00e1n\u00ed. Pokud byste o takov\u00fdch slu\u017eb\u00e1ch uva\u017eovali, kontaktujte n\u00e1s a m\u016f\u017eeme pro V\u00e1s takovou nab\u00eddku, s\u00a0velmi v\u00fdhodn\u00fdmi podm\u00ednkami, p\u0159\u00edmo na m\u00edru va\u0161im pot\u0159eb\u00e1m, p\u0159ipravit.<\/p>\n<\/div><\/section><\/div><div  class='flex_column av-252fu3-07720b8122f4109a06a150219edcd4da av_one_half  avia-builder-el-5  el_after_av_one_half  avia-builder-el-last  flex_column_div  '     ><style type=\"text\/css\" data-created_by=\"avia_inline_auto\" id=\"style-css-av-m9htrzvm-d8c6ac494dea942f68c5379253a0aa05\">\n#top .av_textblock_section.av-m9htrzvm-d8c6ac494dea942f68c5379253a0aa05 .avia_textblock{\ntext-align:justify;\n}\n<\/style>\n<section  class='av_textblock_section av-m9htrzvm-d8c6ac494dea942f68c5379253a0aa05 '   itemscope=\"itemscope\" itemtype=\"https:\/\/schema.org\/CreativeWork\" ><div class='avia_textblock'  itemprop=\"text\" ><p>Stanoven\u00ed v\u00fd\u0161e odm\u011bny za poskytov\u00e1n\u00ed pr\u00e1vn\u00edch slu\u017eeb vych\u00e1z\u00ed z<strong>\u00a0vyhl\u00e1\u0161ky ministerstva spravedlnosti \u010d. 177\/1996 Sb., advok\u00e1tn\u00edho tarifu<\/strong>, kter\u00fd stanov\u00ed z\u00e1sady pro ur\u010den\u00ed odm\u011bny. Pro \u00fa\u010dely trestn\u00edho \u0159\u00edzen\u00ed, se pro stanoven\u00ed odm\u011bny pou\u017eij\u00ed p\u0159\u00edslu\u0161n\u00e1 ustanoven\u00ed\u00a0<strong>trestn\u00edho \u0159\u00e1du<\/strong>\u00a0(\u00a7 151 &#8211; \u00a7 156) o mimosmluvn\u00ed odm\u011bn\u011b (\u00a710 a \u00a7 11 tohoto advok\u00e1tn\u00edho tarifu). Pro pot\u0159eby civiln\u00edho \u0159\u00edzen\u00ed se pro n\u00e1hradu n\u00e1klad\u016f \u0159\u00edzen\u00ed aplikuj\u00ed\u00a0<strong>ustanoven\u00ed ob\u010dansk\u00e9ho soudn\u00edho \u0159\u00e1du<\/strong>\u00a0(\u00a7 137 &#8211;\u00a0 \u00a7 151a).<\/p>\n<p>Lze v\u0161ak \u0159\u00edci, \u017ee v\u00fd\u0161e na\u0161\u00ed odm\u011bny je t\u00e9m\u011b\u0159 v\u017edy pro V\u00e1s v\u00fdhodn\u011bj\u0161\u00ed ne\u017e ta, kterou stanovuj\u00ed shora uveden\u00e9 p\u0159edpisy. K\u00a0tomuto V\u00e1m p\u0159edkl\u00e1d\u00e1me\u00a0<strong>orienta\u010dn\u00ed cen\u00edk:<\/strong><\/p>\n<ul>\n<li>Pr\u00e1vn\u00ed porada \u010di obecn\u00e9 pr\u00e1ce advok\u00e1ta na rozboru p\u0159\u00edpadu je \u00fa\u010dtov\u00e1na \u010d\u00e1stkou <strong>2.000,- K\u010d za hodinu plus DPH<\/strong>, \u00fa\u010dtovac\u00ed jednotka je ka\u017ed\u00e1 zapo\u010dat\u00e1 hodina<\/li>\n<li>Smlouvy o p\u0159evodech nemovitost\u00ed za\u010d\u00ednaj\u00ed u nejjednodu\u0161\u0161\u00edch p\u0159\u00edpad\u016f na <strong>6.900,- K\u010d plus DPH<\/strong> za kompletn\u00ed servis od p\u0159evzet\u00ed podklad\u016f a\u017e po zavkladov\u00e1n\u00ed do Katastru nemovitost\u00ed<\/li>\n<li>Depozitn\u00ed \u00faschovy pen\u011bz u advok\u00e1ta <strong>6.000,- K\u010d plus DPH<\/strong> za jeden p\u0159\u00edpad dle slo\u017eitosti<\/li>\n<\/ul>\n<\/div><\/section><\/div>\n<\/div><\/div><\/div><!-- close content main div --><\/div><\/div><div id='after_section_2'  class='main_color av_default_container_wrap container_wrap sidebar_right'  ><div class='container av-section-cont-open' ><div class='template-page content  av-content-small alpha units'><div class='post-entry post-entry-type-page post-entry-4267'><div class='entry-content-wrapper clearfix'>\n","protected":false},"excerpt":{"rendered":"","protected":false},"author":1,"featured_media":0,"parent":0,"menu_order":0,"comment_status":"closed","ping_status":"closed","template":"","meta":{"footnotes":""},"class_list":["post-4267","page","type-page","status-publish","hentry"],"_links":{"self":[{"href":"https:\/\/advokaticb.andrasova.com\/index.php\/wp-json\/wp\/v2\/pages\/4267","targetHints":{"allow":["GET"]}}],"collection":[{"href":"https:\/\/advokaticb.andrasova.com\/index.php\/wp-json\/wp\/v2\/pages"}],"about":[{"href":"https:\/\/advokaticb.andrasova.com\/index.php\/wp-json\/wp\/v2\/types\/page"}],"author":[{"embeddable":true,"href":"https:\/\/advokaticb.andrasova.com\/index.php\/wp-json\/wp\/v2\/users\/1"}],"replies":[{"embeddable":true,"href":"https:\/\/advokaticb.andrasova.com\/index.php\/wp-json\/wp\/v2\/comments?post=4267"}],"version-history":[{"count":7,"href":"https:\/\/advokaticb.andrasova.com\/index.php\/wp-json\/wp\/v2\/pages\/4267\/revisions"}],"predecessor-version":[{"id":4293,"href":"https:\/\/advokaticb.andrasova.com\/index.php\/wp-json\/wp\/v2\/pages\/4267\/revisions\/4293"}],"wp:attachment":[{"href":"https:\/\/advokaticb.andrasova.com\/index.php\/wp-json\/wp\/v2\/media?parent=4267"}],"curies":[{"name":"wp","href":"https:\/\/api.w.org\/{rel}","templated":true}]}}