{"id":4285,"date":"2025-04-15T03:43:42","date_gmt":"2025-04-15T01:43:42","guid":{"rendered":"https:\/\/advokaticb.andrasova.com\/?page_id=4285"},"modified":"2025-04-15T03:46:16","modified_gmt":"2025-04-15T01:46:16","slug":"nase-kancelare","status":"publish","type":"page","link":"https:\/\/advokaticb.andrasova.com\/index.php\/nase-kancelare\/","title":{"rendered":"Na\u0161e kancel\u00e1\u0159e"},"content":{"rendered":"<div id='av_section_1'  class='avia-section av-av_section-2348fc21a663a487722e9f8016347158 main_color avia-section-default avia-no-shadow  avia-builder-el-0  avia-builder-el-no-sibling  avia-bg-style-scroll container_wrap sidebar_right'  ><div class='container av-section-cont-open' ><main  role=\"main\" itemprop=\"mainContentOfPage\"  class='template-page content  av-content-small alpha units'><div class='post-entry post-entry-type-page post-entry-4285'><div class='entry-content-wrapper clearfix'>\n<div  class='flex_column av-av_one_fourth-2d22dc0500e159f2b39fe7a147caf14c av_one_fourth  avia-builder-el-1  el_before_av_one_fourth  avia-builder-el-first  first flex_column_div  '     ><p>\n<style type=\"text\/css\" data-created_by=\"avia_inline_auto\" id=\"style-css-av-av_image-51c0a390e67d9ea6508e03dcda20571c\">\n.avia-image-container.av-av_image-51c0a390e67d9ea6508e03dcda20571c img.avia_image{\nbox-shadow:none;\n}\n.avia-image-container.av-av_image-51c0a390e67d9ea6508e03dcda20571c .av-image-caption-overlay-center{\ncolor:#ffffff;\n}\n<\/style>\n<div  class='avia-image-container av-av_image-51c0a390e67d9ea6508e03dcda20571c av-styling- avia-align-left  avia-builder-el-2  el_before_av_hr  avia-builder-el-first '   itemprop=\"image\" itemscope=\"itemscope\" itemtype=\"https:\/\/schema.org\/ImageObject\" ><div class=\"avia-image-container-inner\"><div class=\"avia-image-overlay-wrap\"><img decoding=\"async\" fetchpriority=\"high\" class='wp-image-4171 avia-img-lazy-loading-not-4171 avia_image ' src=\"https:\/\/advokaticb.andrasova.com\/wp-content\/uploads\/2025\/04\/Broukarna-skica-1-845x684.png\" alt='' title=''  height=\"684\" width=\"845\"  itemprop=\"thumbnailUrl\" srcset=\"https:\/\/advokaticb.andrasova.com\/wp-content\/uploads\/2025\/04\/Broukarna-skica-1-845x684.png 845w, https:\/\/advokaticb.andrasova.com\/wp-content\/uploads\/2025\/04\/Broukarna-skica-1-495x400.png 495w\" sizes=\"(max-width: 845px) 100vw, 845px\" \/><\/div><\/div><\/div><br \/>\n<div  class='hr av-av_hr-bca31578670ae9d408d6d6d291fc57a6 hr-default  avia-builder-el-3  el_after_av_image  el_before_av_textblock '><span class='hr-inner '><span class=\"hr-inner-style\"><\/span><\/span><\/div><br \/>\n<section  class='av_textblock_section av-av_textblock-564067357eb74c20cdd60b282c9b50bd '   itemscope=\"itemscope\" itemtype=\"https:\/\/schema.org\/CreativeWork\" ><div class='avia_textblock'  itemprop=\"text\" ><div class=\"leaflet-map WPLeafletMap\" style=\"height:250px; width:100%;\"><\/div><script>\nwindow.WPLeafletMapPlugin = window.WPLeafletMapPlugin || [];\nwindow.WPLeafletMapPlugin.push(function WPLeafletMapShortcode() {\/*<script>*\/\nvar baseUrl = atob('aHR0cHM6Ly97c30udGlsZS5vcGVuc3RyZWV0bWFwLm9yZy97en0ve3h9L3t5fS5wbmc=');\nvar base = (!baseUrl && window.MQ) ?\n    window.MQ.mapLayer() : L.tileLayer(baseUrl,\n        L.Util.extend({}, {\n            detectRetina: 0,\n        },\n        {\"subdomains\":\"abc\",\"noWrap\":false,\"maxZoom\":19}        )\n    );\n    var options = L.Util.extend({}, {\n        layers: [base],\n        attributionControl: false\n    },\n    {\"zoomControl\":false,\"scrollWheelZoom\":false,\"doubleClickZoom\":false,\"fitBounds\":false,\"minZoom\":0,\"maxZoom\":19,\"maxBounds\":null,\"attribution\":\"<a href=\\\"http:\\\/\\\/leafletjs.com\\\" title=\\\"A JS library for interactive maps\\\">Leaflet<\\\/a>; \\u00a9 <a href=\\\"http:\\\/\\\/www.openstreetmap.org\\\/copyright\\\">OpenStreetMap<\\\/a> contributors\"},\n    {});\nwindow.WPLeafletMapPlugin.createMap(options).setView([48.973122121,1454.47475287],18);});<\/script>\n<script>\nwindow.WPLeafletMapPlugin = window.WPLeafletMapPlugin || [];\nwindow.WPLeafletMapPlugin.push(function WPLeafletMarkerShortcode() {\/*<script>*\/\nvar map = window.WPLeafletMapPlugin.getCurrentMap();\nvar group = window.WPLeafletMapPlugin.getCurrentGroup();\nvar marker_options = window.WPLeafletMapPlugin.getIconOptions({});\nvar marker = L.marker(\n    [48.9730516982,1454.47459994],\n    marker_options\n);\nvar is_image = map.is_image_map;\nif (marker_options.draggable) {\n    marker.on('dragend', function () {\n        var latlng = this.getLatLng();\n        var lat = latlng.lat;\n        var lng = latlng.lng;\n        if (is_image) {\n            console.log('leaflet-marker y=' + lat + ' x=' + lng);\n        } else {\n            console.log('leaflet-marker lat=' + lat + ' lng=' + lng);\n        }\n    });\n}\nmarker.addTo( group );\nwindow.WPLeafletMapPlugin.markers.push( marker );\n        });<\/script>\n<\/div><\/section><\/p><\/div><div  class='flex_column av-av_one_fourth-3b0d446bf9e6f7db91541aa567be4cdf av_one_fourth  avia-builder-el-5  el_after_av_one_fourth  el_before_av_one_fourth  flex_column_div  '     ><style type=\"text\/css\" data-created_by=\"avia_inline_auto\" id=\"style-css-av-av_textblock-61ac3a448a8210cf5092a33c2486f32b\">\n#top .av_textblock_section.av-av_textblock-61ac3a448a8210cf5092a33c2486f32b .avia_textblock{\ntext-align:justify;\n}\n<\/style>\n<section  class='av_textblock_section av-av_textblock-61ac3a448a8210cf5092a33c2486f32b '   itemscope=\"itemscope\" itemtype=\"https:\/\/schema.org\/CreativeWork\" ><div class='avia_textblock'  itemprop=\"text\" ><p><strong><span style=\"font-size: 18px;\">S\u00eddlo \u010cesk\u00e9 Bud\u011bjovice<\/span><\/strong><\/p>\n<div class=\"description\">\n<p><strong>\n<style type=\"text\/css\" data-created_by=\"avia_inline_auto\" id=\"style-css-av-av_font_icon-c97ff2cad4bd5f828cd45d0a4aca7a7f\">\n.av_font_icon.av-av_font_icon-c97ff2cad4bd5f828cd45d0a4aca7a7f .av-icon-char{\nfont-size:40px;\nline-height:40px;\n}\n<\/style>\n<span  class='av_font_icon av-av_font_icon-c97ff2cad4bd5f828cd45d0a4aca7a7f avia_animate_when_visible av-icon-style- avia-icon-pos-left avia-iconfont avia-font-entypo-fontello av-no-color avia-icon-animate'><span class='av-icon-char' data-av_icon='\ue842' data-av_iconfont='entypo-fontello' aria-hidden=\"true\" ><\/span><\/span><\/strong><\/p>\n<h4>\u0160irok\u00e1 432\/11<\/h4>\n<h4>370 01\u00a0\u010cesk\u00e9 Bud\u011bjovice<\/h4>\n<p style=\"text-align: left;\"><em>(obchodn\u00ed d\u016fm Brouk a Babka &#8220;Brouk\u00e1rna&#8221; 4. patro v administrativn\u00ed \u010d\u00e1sti budovy)<\/em><strong><br \/>\n<\/strong><\/p>\n<p>GPS Loc:\u00a0N 48\u00b058.38337&#8242;, E 14\u00b028.47373&#8242; <br class=\"avia-permanent-lb\" \/><br class=\"avia-permanent-lb\" \/><\/p>\n<h5><strong>\u00da\u0159edn\u00ed hodiny \u010cesk\u00e9 Bud\u011bjovice<\/strong><\/h5>\n<p>Pond\u011bl\u00ed\u00a0 8:00 &#8211; 17:30<br \/>\n\u00dater\u00fd\u00a0 \u00a0 \u00a0 8:00 &#8211; 16:00<br \/>\nSt\u0159eda\u00a0 \u00a0 8:00 &#8211; 16:00<br \/>\n\u010ctvrtek\u00a0 \u00a08:00 &#8211; 16:00<br \/>\nP\u00e1tek\u00a0 \u00a0 \u00a0 8:00 &#8211; 14:30<\/p>\n<p style=\"text-align: left;\"><strong>Po telefonick\u00e9 domluv\u011b poskytujeme pr\u00e1vn\u00ed slu\u017eby i v\u00a0ostatn\u00ed dny<br \/>\na to i v\u00a0m\u00edst\u011b klienta.<\/strong><\/p>\n<\/div>\n<\/div><\/section><\/div><div  class='flex_column av-av_one_fourth-f07c819f18f67855c8974f17fce9c9f6 av_one_fourth  avia-builder-el-8  el_after_av_one_fourth  el_before_av_one_fourth  flex_column_div  '     ><style type=\"text\/css\" data-created_by=\"avia_inline_auto\" id=\"style-css-av-m9huchy7-bb22484ca94ca1cff882ca4f6acc71c7\">\n#top .av_textblock_section.av-m9huchy7-bb22484ca94ca1cff882ca4f6acc71c7 .avia_textblock{\ntext-align:justify;\n}\n<\/style>\n<section  class='av_textblock_section av-m9huchy7-bb22484ca94ca1cff882ca4f6acc71c7 '   itemscope=\"itemscope\" itemtype=\"https:\/\/schema.org\/CreativeWork\" ><div class='avia_textblock'  itemprop=\"text\" ><p><strong><span style=\"font-size: 18px;\">S\u00eddlo Trhov\u00e9 Sviny<\/span><\/strong><\/p>\n<div class=\"description\">\n<p><strong>\n<style type=\"text\/css\" data-created_by=\"avia_inline_auto\" id=\"style-css-av-av_font_icon-c97ff2cad4bd5f828cd45d0a4aca7a7f\">\n.av_font_icon.av-av_font_icon-c97ff2cad4bd5f828cd45d0a4aca7a7f .av-icon-char{\nfont-size:40px;\nline-height:40px;\n}\n<\/style>\n<span  class='av_font_icon av-av_font_icon-c97ff2cad4bd5f828cd45d0a4aca7a7f avia_animate_when_visible av-icon-style- avia-icon-pos-left avia-iconfont avia-font-entypo-fontello av-no-color avia-icon-animate'><span class='av-icon-char' data-av_icon='\ue842' data-av_iconfont='entypo-fontello' aria-hidden=\"true\" ><\/span><\/span><\/strong><\/p>\n<h4><strong>\u017di\u017ekovo n\u00e1m\u011bst\u00ed 92<\/strong><\/h4>\n<h4><strong>374 01 Trhov\u00e9 Sviny<\/strong><\/h4>\n<p><em>(vedle m\u011bstsk\u00e9ho Infocentra mezi<br \/>\nKomer\u010dn\u00ed bankou a \u010ceskou spo\u0159itelnou)<\/em><\/p>\n<p><br class=\"avia-permanent-lb\" \/>GPS Loc: 48\u00b050&#8217;25.517&#8243;N, 14\u00b038&#8217;17.808&#8243;E<br class=\"avia-permanent-lb\" \/><br class=\"avia-permanent-lb\" \/><\/p>\n<h5><strong>\u00da\u0159edn\u00ed hodiny Trhov\u00e9 Sviny<\/strong><\/h5>\n<p>St\u0159eda\u00a0 12:00 &#8211; 16:00<\/p>\n<\/div>\n<\/div><\/section><\/div><div  class='flex_column av-av_one_fourth-3b0d446bf9e6f7db91541aa567be4cdf av_one_fourth  avia-builder-el-11  el_after_av_one_fourth  avia-builder-el-last  flex_column_div  '     ><p>\n<style type=\"text\/css\" data-created_by=\"avia_inline_auto\" id=\"style-css-av-av_image-b3d03bf290edaccff097fbe12342ef77\">\n.avia-image-container.av-av_image-b3d03bf290edaccff097fbe12342ef77 img.avia_image{\nbox-shadow:none;\n}\n.avia-image-container.av-av_image-b3d03bf290edaccff097fbe12342ef77 .av-image-caption-overlay-center{\ncolor:#ffffff;\n}\n<\/style>\n<div  class='avia-image-container av-av_image-b3d03bf290edaccff097fbe12342ef77 av-styling- avia-align-left  avia-builder-el-12  el_before_av_hr  avia-builder-el-first '   itemprop=\"image\" itemscope=\"itemscope\" itemtype=\"https:\/\/schema.org\/ImageObject\" ><div class=\"avia-image-container-inner\"><div class=\"avia-image-overlay-wrap\"><img decoding=\"async\" fetchpriority=\"high\" class='wp-image-4085 avia-img-lazy-loading-not-4085 avia_image ' src=\"https:\/\/advokaticb.andrasova.com\/wp-content\/uploads\/2025\/04\/kancelar-trhove-sviny-845x684.jpg\" alt='' title=''  height=\"684\" width=\"845\"  itemprop=\"thumbnailUrl\" srcset=\"https:\/\/advokaticb.andrasova.com\/wp-content\/uploads\/2025\/04\/kancelar-trhove-sviny-845x684.jpg 845w, https:\/\/advokaticb.andrasova.com\/wp-content\/uploads\/2025\/04\/kancelar-trhove-sviny-495x400.jpg 495w\" sizes=\"(max-width: 845px) 100vw, 845px\" \/><\/div><\/div><\/div><br \/>\n<div  class='hr av-av_hr-bca31578670ae9d408d6d6d291fc57a6 hr-default  avia-builder-el-13  el_after_av_image  el_before_av_textblock '><span class='hr-inner '><span class=\"hr-inner-style\"><\/span><\/span><\/div><br \/>\n<section  class='av_textblock_section av-av_textblock-564067357eb74c20cdd60b282c9b50bd '   itemscope=\"itemscope\" itemtype=\"https:\/\/schema.org\/CreativeWork\" ><div class='avia_textblock'  itemprop=\"text\" ><div class=\"leaflet-map WPLeafletMap\" style=\"height:250px; width:100%;\"><\/div><script>\nwindow.WPLeafletMapPlugin = window.WPLeafletMapPlugin || [];\nwindow.WPLeafletMapPlugin.push(function WPLeafletMapShortcode() {\/*<script>*\/\nvar baseUrl = atob('aHR0cHM6Ly97c30udGlsZS5vcGVuc3RyZWV0bWFwLm9yZy97en0ve3h9L3t5fS5wbmc=');\nvar base = (!baseUrl && window.MQ) ?\n    window.MQ.mapLayer() : L.tileLayer(baseUrl,\n        L.Util.extend({}, {\n            detectRetina: 0,\n        },\n        {\"subdomains\":\"abc\",\"noWrap\":false,\"maxZoom\":19}        )\n    );\n    var options = L.Util.extend({}, {\n        layers: [base],\n        attributionControl: false\n    },\n    {\"zoomControl\":false,\"scrollWheelZoom\":false,\"doubleClickZoom\":false,\"fitBounds\":false,\"minZoom\":0,\"maxZoom\":19,\"maxBounds\":null,\"attribution\":\"<a href=\\\"http:\\\/\\\/leafletjs.com\\\" title=\\\"A JS library for interactive maps\\\">Leaflet<\\\/a>; \\u00a9 <a href=\\\"http:\\\/\\\/www.openstreetmap.org\\\/copyright\\\">OpenStreetMap<\\\/a> contributors\"},\n    {});\nwindow.WPLeafletMapPlugin.createMap(options).setView([48.8403098189,1454.63691605],17);});<\/script>\n<script>\nwindow.WPLeafletMapPlugin = window.WPLeafletMapPlugin || [];\nwindow.WPLeafletMapPlugin.push(function WPLeafletMarkerShortcode() {\/*<script>*\/\nvar map = window.WPLeafletMapPlugin.getCurrentMap();\nvar group = window.WPLeafletMapPlugin.getCurrentGroup();\nvar marker_options = window.WPLeafletMapPlugin.getIconOptions({});\nvar marker = L.marker(\n    [48.8403574938,1454.63636925],\n    marker_options\n);\nvar is_image = map.is_image_map;\nif (marker_options.draggable) {\n    marker.on('dragend', function () {\n        var latlng = this.getLatLng();\n        var lat = latlng.lat;\n        var lng = latlng.lng;\n        if (is_image) {\n            console.log('leaflet-marker y=' + lat + ' x=' + lng);\n        } else {\n            console.log('leaflet-marker lat=' + lat + ' lng=' + lng);\n        }\n    });\n}\nmarker.addTo( group );\nwindow.WPLeafletMapPlugin.markers.push( marker );\n        });<\/script>\n<\/div><\/section><\/p><\/div><\/div><\/div><\/main><!-- close content main element --><\/div><\/div><div id='after_section_1'  class='main_color av_default_container_wrap container_wrap sidebar_right'  ><div class='container av-section-cont-open' ><div class='template-page content  av-content-small alpha units'><div class='post-entry post-entry-type-page post-entry-4285'><div class='entry-content-wrapper clearfix'>\n","protected":false},"excerpt":{"rendered":"","protected":false},"author":1,"featured_media":0,"parent":0,"menu_order":0,"comment_status":"closed","ping_status":"closed","template":"","meta":{"footnotes":""},"class_list":["post-4285","page","type-page","status-publish","hentry"],"_links":{"self":[{"href":"https:\/\/advokaticb.andrasova.com\/index.php\/wp-json\/wp\/v2\/pages\/4285","targetHints":{"allow":["GET"]}}],"collection":[{"href":"https:\/\/advokaticb.andrasova.com\/index.php\/wp-json\/wp\/v2\/pages"}],"about":[{"href":"https:\/\/advokaticb.andrasova.com\/index.php\/wp-json\/wp\/v2\/types\/page"}],"author":[{"embeddable":true,"href":"https:\/\/advokaticb.andrasova.com\/index.php\/wp-json\/wp\/v2\/users\/1"}],"replies":[{"embeddable":true,"href":"https:\/\/advokaticb.andrasova.com\/index.php\/wp-json\/wp\/v2\/comments?post=4285"}],"version-history":[{"count":3,"href":"https:\/\/advokaticb.andrasova.com\/index.php\/wp-json\/wp\/v2\/pages\/4285\/revisions"}],"predecessor-version":[{"id":4291,"href":"https:\/\/advokaticb.andrasova.com\/index.php\/wp-json\/wp\/v2\/pages\/4285\/revisions\/4291"}],"wp:attachment":[{"href":"https:\/\/advokaticb.andrasova.com\/index.php\/wp-json\/wp\/v2\/media?parent=4285"}],"curies":[{"name":"wp","href":"https:\/\/api.w.org\/{rel}","templated":true}]}}